{"id":90,"date":"2016-04-04T14:20:52","date_gmt":"2016-04-04T14:20:52","guid":{"rendered":"http:\/\/127.0.0.1:81\/wordpress\/?page_id=90"},"modified":"2025-08-20T18:07:43","modified_gmt":"2025-08-20T16:07:43","slug":"horaires","status":"publish","type":"page","link":"http:\/\/lesouffledelaforet-aemci-esf77.fr\/index.php\/horaires\/","title":{"rendered":"Horaires"},"content":{"rendered":"\t\t<div data-elementor-type=\"wp-page\" data-elementor-id=\"90\" class=\"elementor elementor-90\">\n\t\t\t\t\t\t\t\t\t<section class=\"elementor-section elementor-top-section elementor-element elementor-element-89ec854 elementor-section-boxed elementor-section-height-default elementor-section-height-default\" data-id=\"89ec854\" data-element_type=\"section\">\n\t\t\t\t\t\t<div class=\"elementor-container elementor-column-gap-default\">\n\t\t\t\t\t<div class=\"elementor-column elementor-col-100 elementor-top-column elementor-element elementor-element-04c45cd\" data-id=\"04c45cd\" data-element_type=\"column\">\n\t\t\t<div class=\"elementor-widget-wrap elementor-element-populated\">\n\t\t\t\t\t\t\t\t<div class=\"elementor-element elementor-element-239b7a6 elementor-widget elementor-widget-heading\" data-id=\"239b7a6\" data-element_type=\"widget\" data-widget_type=\"heading.default\">\n\t\t\t\t<div class=\"elementor-widget-container\">\n\t\t\t<h2 class=\"elementor-heading-title elementor-size-default\">Saison 2025-2026<\/h2>\t\t<\/div>\n\t\t\t\t<\/div>\n\t\t\t\t\t<\/div>\n\t\t<\/div>\n\t\t\t\t\t\t\t<\/div>\n\t\t<\/section>\n\t\t\t\t<section class=\"elementor-section elementor-top-section elementor-element elementor-element-15ea65a elementor-section-boxed elementor-section-height-default elementor-section-height-default\" data-id=\"15ea65a\" data-element_type=\"section\">\n\t\t\t\t\t\t<div class=\"elementor-container elementor-column-gap-default\">\n\t\t\t\t\t<div class=\"elementor-column elementor-col-100 elementor-top-column elementor-element elementor-element-7e28c4f\" data-id=\"7e28c4f\" data-element_type=\"column\">\n\t\t\t<div class=\"elementor-widget-wrap elementor-element-populated\">\n\t\t\t\t\t\t\t\t<div class=\"elementor-element elementor-element-8e21389 elementor-widget elementor-widget-heading\" data-id=\"8e21389\" data-element_type=\"widget\" data-widget_type=\"heading.default\">\n\t\t\t\t<div class=\"elementor-widget-container\">\n\t\t\t<h1 class=\"elementor-heading-title elementor-size-default\">QIGONG<\/h1>\t\t<\/div>\n\t\t\t\t<\/div>\n\t\t\t\t<section class=\"elementor-section elementor-inner-section elementor-element elementor-element-e154c52 elementor-section-boxed elementor-section-height-default elementor-section-height-default\" data-id=\"e154c52\" data-element_type=\"section\">\n\t\t\t\t\t\t<div class=\"elementor-container elementor-column-gap-default\">\n\t\t\t\t\t<div class=\"elementor-column elementor-col-100 elementor-inner-column elementor-element elementor-element-a825da4\" data-id=\"a825da4\" data-element_type=\"column\">\n\t\t\t<div class=\"elementor-widget-wrap elementor-element-populated\">\n\t\t\t\t\t\t\t\t<div class=\"elementor-element elementor-element-bd669b0 elementor-widget elementor-widget-text-editor\" data-id=\"bd669b0\" data-element_type=\"widget\" data-widget_type=\"text-editor.default\">\n\t\t\t\t<div class=\"elementor-widget-container\">\n\t\t\t\t\t\t\t<p><strong><span lang=\"EN-US\">Lundi <\/span><\/strong><span lang=\"EN-US\">(URY,\u00a0Salle polyvalente,\u00a0Place du G\u00e9n\u00e9ral de Gaulle)<br \/><\/span><strong><span lang=\"EN-US\">\u00a0 \u00a0 \u00a0 \u00a0 \u00a0 \u00a0 19h00-20h00 :\u00a0<\/span><\/strong><span lang=\"EN-US\">Bases fondamentales du qigong (d\u00e9butants et avanc\u00e9s)<\/span><strong><span lang=\"EN-US\"><br \/><\/span><\/strong><strong><span lang=\"EN-US\">\u00a0 \u00a0 \u00a0 \u00a0 \u00a0 \u00a0 20h15-21h15 : <\/span><\/strong><span lang=\"EN-US\">Les animaux de Wudang<\/span><\/p><div>\u00a0<\/div>\t\t\t\t\t\t<\/div>\n\t\t\t\t<\/div>\n\t\t\t\t\t<\/div>\n\t\t<\/div>\n\t\t\t\t\t\t\t<\/div>\n\t\t<\/section>\n\t\t\t\t\t<\/div>\n\t\t<\/div>\n\t\t\t\t\t\t\t<\/div>\n\t\t<\/section>\n\t\t\t\t<section class=\"elementor-section elementor-top-section elementor-element elementor-element-23a0b68 elementor-section-boxed elementor-section-height-default elementor-section-height-default\" data-id=\"23a0b68\" data-element_type=\"section\">\n\t\t\t\t\t\t<div class=\"elementor-container elementor-column-gap-default\">\n\t\t\t\t\t<div class=\"elementor-column elementor-col-100 elementor-top-column elementor-element elementor-element-ff1636b\" data-id=\"ff1636b\" data-element_type=\"column\">\n\t\t\t<div class=\"elementor-widget-wrap elementor-element-populated\">\n\t\t\t\t\t\t\t\t<div class=\"elementor-element elementor-element-028a189 elementor-widget elementor-widget-heading\" data-id=\"028a189\" data-element_type=\"widget\" data-widget_type=\"heading.default\">\n\t\t\t\t<div class=\"elementor-widget-container\">\n\t\t\t<h1 class=\"elementor-heading-title elementor-size-default\">TAICHI CHUAN<\/h1>\t\t<\/div>\n\t\t\t\t<\/div>\n\t\t\t\t<section class=\"elementor-section elementor-inner-section elementor-element elementor-element-ab153ac elementor-section-boxed elementor-section-height-default elementor-section-height-default\" data-id=\"ab153ac\" data-element_type=\"section\">\n\t\t\t\t\t\t<div class=\"elementor-container elementor-column-gap-default\">\n\t\t\t\t\t<div class=\"elementor-column elementor-col-100 elementor-inner-column elementor-element elementor-element-fc2c090\" data-id=\"fc2c090\" data-element_type=\"column\">\n\t\t\t<div class=\"elementor-widget-wrap elementor-element-populated\">\n\t\t\t\t\t\t\t\t<div class=\"elementor-element elementor-element-b25f1a6 elementor-widget elementor-widget-text-editor\" data-id=\"b25f1a6\" data-element_type=\"widget\" data-widget_type=\"text-editor.default\">\n\t\t\t\t<div class=\"elementor-widget-container\">\n\t\t\t\t\t\t\t<p><strong><span lang=\"EN-US\">Mardi&nbsp;<\/span><\/strong><span lang=\"EN-US\">(AMPONVILLE,&nbsp;Salle polyvalente,&nbsp;Place du G\u00e9n\u00e9ral de Gaulle)<\/span><strong><span lang=\"EN-US\"><br>&nbsp; &nbsp; &nbsp; &nbsp; &nbsp; &nbsp; 19h00-20h00 :&nbsp;<\/span><\/strong><span lang=\"EN-US\">La Terre, 1\u00e8re partie de la forme (d\u00e9butants et avanc\u00e9s)<\/span><strong><span lang=\"EN-US\"><br><\/span><\/strong><strong><span lang=\"EN-US\">&nbsp; &nbsp; &nbsp; &nbsp; &nbsp; &nbsp; 20h00-20h30 : <\/span><\/strong><span lang=\"EN-US\">Armes: b\u00e2ton, \u00e9ventail, sabre et \u00e9p\u00e9e (cours ouvert uniquement associ\u00e9 \u00e0 un cours de Taichi Chuan)<\/span><\/p>\n<p><\/p>\n<p><strong><span lang=\"EN-US\">&nbsp; &nbsp; &nbsp; &nbsp; &nbsp; &nbsp; 20h30-21h30 :&nbsp;<\/span><\/strong><span lang=\"EN-US\">L&rsquo;Homme, 2\u00e8me partie, et <\/span><span lang=\"EN-US\">Le Ciel, 3\u00e8me partie de la forme (confirm\u00e9s)<\/span><strong><span lang=\"EN-US\"><br>&nbsp; &nbsp; &nbsp; &nbsp; &nbsp; &nbsp; <\/span><\/strong><\/p>\t\t\t\t\t\t<\/div>\n\t\t\t\t<\/div>\n\t\t\t\t\t<\/div>\n\t\t<\/div>\n\t\t\t\t\t\t\t<\/div>\n\t\t<\/section>\n\t\t\t\t\t<\/div>\n\t\t<\/div>\n\t\t\t\t\t\t\t<\/div>\n\t\t<\/section>\n\t\t\t\t\t\t\t<\/div>\n\t\t","protected":false},"excerpt":{"rendered":"<p>Saison 2025-2026 QIGONG Lundi (URY,\u00a0Salle polyvalente,\u00a0Place du G\u00e9n\u00e9ral de Gaulle)\u00a0 \u00a0 \u00a0 \u00a0 \u00a0 \u00a0 19h00-20h00 :\u00a0Bases fondamentales du qigong (d\u00e9butants et avanc\u00e9s)\u00a0 \u00a0 \u00a0 \u00a0 \u00a0 \u00a0 20h15-21h15 : Les animaux de Wudang \u00a0 TAICHI CHUAN Mardi&nbsp;(AMPONVILLE,&nbsp;Salle polyvalente,&nbsp;Place du G\u00e9n\u00e9ral de Gaulle)&nbsp; &nbsp; &nbsp; &nbsp; &nbsp; &nbsp; 19h00-20h00 :&nbsp;La Terre, 1\u00e8re partie de la [&hellip;]<\/p>\n","protected":false},"author":1,"featured_media":0,"parent":0,"menu_order":0,"comment_status":"closed","ping_status":"closed","template":"","meta":{"ocean_post_layout":"","ocean_both_sidebars_style":"","ocean_both_sidebars_content_width":0,"ocean_both_sidebars_sidebars_width":0,"ocean_sidebar":"0","ocean_second_sidebar":"0","ocean_disable_margins":"on","ocean_add_body_class":"","ocean_shortcode_before_top_bar":"","ocean_shortcode_after_top_bar":"","ocean_shortcode_before_header":"","ocean_shortcode_after_header":"","ocean_has_shortcode":"","ocean_shortcode_after_title":"","ocean_shortcode_before_footer_widgets":"","ocean_shortcode_after_footer_widgets":"","ocean_shortcode_before_footer_bottom":"","ocean_shortcode_after_footer_bottom":"","ocean_display_top_bar":"default","ocean_display_header":"default","ocean_header_style":"","ocean_center_header_left_menu":"0","ocean_custom_header_template":"0","ocean_custom_logo":0,"ocean_custom_retina_logo":0,"ocean_custom_logo_max_width":0,"ocean_custom_logo_tablet_max_width":0,"ocean_custom_logo_mobile_max_width":0,"ocean_custom_logo_max_height":0,"ocean_custom_logo_tablet_max_height":0,"ocean_custom_logo_mobile_max_height":0,"ocean_header_custom_menu":"0","ocean_menu_typo_font_family":"0","ocean_menu_typo_font_subset":"","ocean_menu_typo_font_size":0,"ocean_menu_typo_font_size_tablet":0,"ocean_menu_typo_font_size_mobile":0,"ocean_menu_typo_font_size_unit":"px","ocean_menu_typo_font_weight":"","ocean_menu_typo_font_weight_tablet":"","ocean_menu_typo_font_weight_mobile":"","ocean_menu_typo_transform":"","ocean_menu_typo_transform_tablet":"","ocean_menu_typo_transform_mobile":"","ocean_menu_typo_line_height":0,"ocean_menu_typo_line_height_tablet":0,"ocean_menu_typo_line_height_mobile":0,"ocean_menu_typo_line_height_unit":"","ocean_menu_typo_spacing":0,"ocean_menu_typo_spacing_tablet":0,"ocean_menu_typo_spacing_mobile":0,"ocean_menu_typo_spacing_unit":"","ocean_menu_link_color":"","ocean_menu_link_color_hover":"","ocean_menu_link_color_active":"","ocean_menu_link_background":"","ocean_menu_link_hover_background":"","ocean_menu_link_active_background":"","ocean_menu_social_links_bg":"","ocean_menu_social_hover_links_bg":"","ocean_menu_social_links_color":"","ocean_menu_social_hover_links_color":"","ocean_disable_title":"default","ocean_disable_heading":"default","ocean_post_title":"","ocean_post_subheading":"","ocean_post_title_style":"","ocean_post_title_background_color":"","ocean_post_title_background":0,"ocean_post_title_bg_image_position":"","ocean_post_title_bg_image_attachment":"","ocean_post_title_bg_image_repeat":"","ocean_post_title_bg_image_size":"","ocean_post_title_height":0,"ocean_post_title_bg_overlay":0.5,"ocean_post_title_bg_overlay_color":"","ocean_disable_breadcrumbs":"default","ocean_breadcrumbs_color":"","ocean_breadcrumbs_separator_color":"","ocean_breadcrumbs_links_color":"","ocean_breadcrumbs_links_hover_color":"","ocean_display_footer_widgets":"default","ocean_display_footer_bottom":"default","ocean_custom_footer_template":"0","footnotes":""},"class_list":["post-90","page","type-page","status-publish","hentry","entry"],"yoast_head":"<!-- This site is optimized with the Yoast SEO plugin v24.9 - https:\/\/yoast.com\/wordpress\/plugins\/seo\/ -->\n<title>Horaires - Le Souffle de la For\u00eat<\/title>\n<meta name=\"robots\" content=\"index, follow, max-snippet:-1, max-image-preview:large, max-video-preview:-1\" \/>\n<link rel=\"canonical\" href=\"http:\/\/lesouffledelaforet-aemci-esf77.fr\/index.php\/horaires\/\" \/>\n<meta property=\"og:locale\" content=\"fr_FR\" \/>\n<meta property=\"og:type\" content=\"article\" \/>\n<meta property=\"og:title\" content=\"Horaires - Le Souffle de la For\u00eat\" \/>\n<meta property=\"og:description\" content=\"Saison 2025-2026 QIGONG Lundi (URY,\u00a0Salle polyvalente,\u00a0Place du G\u00e9n\u00e9ral de Gaulle)\u00a0 \u00a0 \u00a0 \u00a0 \u00a0 \u00a0 19h00-20h00 :\u00a0Bases fondamentales du qigong (d\u00e9butants et avanc\u00e9s)\u00a0 \u00a0 \u00a0 \u00a0 \u00a0 \u00a0 20h15-21h15 : Les animaux de Wudang \u00a0 TAICHI CHUAN Mardi&nbsp;(AMPONVILLE,&nbsp;Salle polyvalente,&nbsp;Place du G\u00e9n\u00e9ral de Gaulle)&nbsp; &nbsp; &nbsp; &nbsp; &nbsp; &nbsp; 19h00-20h00 :&nbsp;La Terre, 1\u00e8re partie de la [&hellip;]\" \/>\n<meta property=\"og:url\" content=\"http:\/\/lesouffledelaforet-aemci-esf77.fr\/index.php\/horaires\/\" \/>\n<meta property=\"og:site_name\" content=\"Le Souffle de la For\u00eat\" \/>\n<meta property=\"article:modified_time\" content=\"2025-08-20T16:07:43+00:00\" \/>\n<meta property=\"og:image\" content=\"https:\/\/www.facebook.com\/LeSouffleDeLaForet\/\" \/>\n<meta name=\"twitter:card\" content=\"summary_large_image\" \/>\n<meta name=\"twitter:label1\" content=\"Dur\u00e9e de lecture estim\u00e9e\" \/>\n\t<meta name=\"twitter:data1\" content=\"1 minute\" \/>\n<script type=\"application\/ld+json\" class=\"yoast-schema-graph\">{\"@context\":\"https:\/\/schema.org\",\"@graph\":[{\"@type\":\"WebPage\",\"@id\":\"http:\/\/lesouffledelaforet-aemci-esf77.fr\/index.php\/horaires\/\",\"url\":\"http:\/\/lesouffledelaforet-aemci-esf77.fr\/index.php\/horaires\/\",\"name\":\"Horaires - Le Souffle de la For\u00eat\",\"isPartOf\":{\"@id\":\"http:\/\/lesouffledelaforet-aemci-esf77.fr\/#website\"},\"datePublished\":\"2016-04-04T14:20:52+00:00\",\"dateModified\":\"2025-08-20T16:07:43+00:00\",\"breadcrumb\":{\"@id\":\"http:\/\/lesouffledelaforet-aemci-esf77.fr\/index.php\/horaires\/#breadcrumb\"},\"inLanguage\":\"fr-FR\",\"potentialAction\":[{\"@type\":\"ReadAction\",\"target\":[\"http:\/\/lesouffledelaforet-aemci-esf77.fr\/index.php\/horaires\/\"]}]},{\"@type\":\"BreadcrumbList\",\"@id\":\"http:\/\/lesouffledelaforet-aemci-esf77.fr\/index.php\/horaires\/#breadcrumb\",\"itemListElement\":[{\"@type\":\"ListItem\",\"position\":1,\"name\":\"Accueil\",\"item\":\"http:\/\/lesouffledelaforet-aemci-esf77.fr\/\"},{\"@type\":\"ListItem\",\"position\":2,\"name\":\"Horaires\"}]},{\"@type\":\"WebSite\",\"@id\":\"http:\/\/lesouffledelaforet-aemci-esf77.fr\/#website\",\"url\":\"http:\/\/lesouffledelaforet-aemci-esf77.fr\/\",\"name\":\"Le Souffle de la For\u00eat\",\"description\":\"Section AEMCI de l &#039;ESF 77 :  Art Energ\u00e9tique et Martial Chinois Interne\",\"publisher\":{\"@id\":\"http:\/\/lesouffledelaforet-aemci-esf77.fr\/#organization\"},\"potentialAction\":[{\"@type\":\"SearchAction\",\"target\":{\"@type\":\"EntryPoint\",\"urlTemplate\":\"http:\/\/lesouffledelaforet-aemci-esf77.fr\/?s={search_term_string}\"},\"query-input\":{\"@type\":\"PropertyValueSpecification\",\"valueRequired\":true,\"valueName\":\"search_term_string\"}}],\"inLanguage\":\"fr-FR\"},{\"@type\":\"Organization\",\"@id\":\"http:\/\/lesouffledelaforet-aemci-esf77.fr\/#organization\",\"name\":\"AEMCI ESF\",\"url\":\"http:\/\/lesouffledelaforet-aemci-esf77.fr\/\",\"logo\":{\"@type\":\"ImageObject\",\"inLanguage\":\"fr-FR\",\"@id\":\"http:\/\/lesouffledelaforet-aemci-esf77.fr\/#\/schema\/logo\/image\/\",\"url\":\"http:\/\/lesouffledelaforet-aemci-esf77.fr\/wp-content\/uploads\/2020\/08\/logo_flyer-2.png\",\"contentUrl\":\"http:\/\/lesouffledelaforet-aemci-esf77.fr\/wp-content\/uploads\/2020\/08\/logo_flyer-2.png\",\"width\":464,\"height\":516,\"caption\":\"AEMCI ESF\"},\"image\":{\"@id\":\"http:\/\/lesouffledelaforet-aemci-esf77.fr\/#\/schema\/logo\/image\/\"}}]}<\/script>\n<!-- \/ Yoast SEO plugin. -->","yoast_head_json":{"title":"Horaires - Le Souffle de la For\u00eat","robots":{"index":"index","follow":"follow","max-snippet":"max-snippet:-1","max-image-preview":"max-image-preview:large","max-video-preview":"max-video-preview:-1"},"canonical":"http:\/\/lesouffledelaforet-aemci-esf77.fr\/index.php\/horaires\/","og_locale":"fr_FR","og_type":"article","og_title":"Horaires - Le Souffle de la For\u00eat","og_description":"Saison 2025-2026 QIGONG Lundi (URY,\u00a0Salle polyvalente,\u00a0Place du G\u00e9n\u00e9ral de Gaulle)\u00a0 \u00a0 \u00a0 \u00a0 \u00a0 \u00a0 19h00-20h00 :\u00a0Bases fondamentales du qigong (d\u00e9butants et avanc\u00e9s)\u00a0 \u00a0 \u00a0 \u00a0 \u00a0 \u00a0 20h15-21h15 : Les animaux de Wudang \u00a0 TAICHI CHUAN Mardi&nbsp;(AMPONVILLE,&nbsp;Salle polyvalente,&nbsp;Place du G\u00e9n\u00e9ral de Gaulle)&nbsp; &nbsp; &nbsp; &nbsp; &nbsp; &nbsp; 19h00-20h00 :&nbsp;La Terre, 1\u00e8re partie de la [&hellip;]","og_url":"http:\/\/lesouffledelaforet-aemci-esf77.fr\/index.php\/horaires\/","og_site_name":"Le Souffle de la For\u00eat","article_modified_time":"2025-08-20T16:07:43+00:00","og_image":[{"url":"https:\/\/www.facebook.com\/LeSouffleDeLaForet\/","type":"","width":"","height":""}],"twitter_card":"summary_large_image","twitter_misc":{"Dur\u00e9e de lecture estim\u00e9e":"1 minute"},"schema":{"@context":"https:\/\/schema.org","@graph":[{"@type":"WebPage","@id":"http:\/\/lesouffledelaforet-aemci-esf77.fr\/index.php\/horaires\/","url":"http:\/\/lesouffledelaforet-aemci-esf77.fr\/index.php\/horaires\/","name":"Horaires - Le Souffle de la For\u00eat","isPartOf":{"@id":"http:\/\/lesouffledelaforet-aemci-esf77.fr\/#website"},"datePublished":"2016-04-04T14:20:52+00:00","dateModified":"2025-08-20T16:07:43+00:00","breadcrumb":{"@id":"http:\/\/lesouffledelaforet-aemci-esf77.fr\/index.php\/horaires\/#breadcrumb"},"inLanguage":"fr-FR","potentialAction":[{"@type":"ReadAction","target":["http:\/\/lesouffledelaforet-aemci-esf77.fr\/index.php\/horaires\/"]}]},{"@type":"BreadcrumbList","@id":"http:\/\/lesouffledelaforet-aemci-esf77.fr\/index.php\/horaires\/#breadcrumb","itemListElement":[{"@type":"ListItem","position":1,"name":"Accueil","item":"http:\/\/lesouffledelaforet-aemci-esf77.fr\/"},{"@type":"ListItem","position":2,"name":"Horaires"}]},{"@type":"WebSite","@id":"http:\/\/lesouffledelaforet-aemci-esf77.fr\/#website","url":"http:\/\/lesouffledelaforet-aemci-esf77.fr\/","name":"Le Souffle de la For\u00eat","description":"Section AEMCI de l &#039;ESF 77 :  Art Energ\u00e9tique et Martial Chinois Interne","publisher":{"@id":"http:\/\/lesouffledelaforet-aemci-esf77.fr\/#organization"},"potentialAction":[{"@type":"SearchAction","target":{"@type":"EntryPoint","urlTemplate":"http:\/\/lesouffledelaforet-aemci-esf77.fr\/?s={search_term_string}"},"query-input":{"@type":"PropertyValueSpecification","valueRequired":true,"valueName":"search_term_string"}}],"inLanguage":"fr-FR"},{"@type":"Organization","@id":"http:\/\/lesouffledelaforet-aemci-esf77.fr\/#organization","name":"AEMCI ESF","url":"http:\/\/lesouffledelaforet-aemci-esf77.fr\/","logo":{"@type":"ImageObject","inLanguage":"fr-FR","@id":"http:\/\/lesouffledelaforet-aemci-esf77.fr\/#\/schema\/logo\/image\/","url":"http:\/\/lesouffledelaforet-aemci-esf77.fr\/wp-content\/uploads\/2020\/08\/logo_flyer-2.png","contentUrl":"http:\/\/lesouffledelaforet-aemci-esf77.fr\/wp-content\/uploads\/2020\/08\/logo_flyer-2.png","width":464,"height":516,"caption":"AEMCI ESF"},"image":{"@id":"http:\/\/lesouffledelaforet-aemci-esf77.fr\/#\/schema\/logo\/image\/"}}]}},"_links":{"self":[{"href":"http:\/\/lesouffledelaforet-aemci-esf77.fr\/index.php\/wp-json\/wp\/v2\/pages\/90","targetHints":{"allow":["GET"]}}],"collection":[{"href":"http:\/\/lesouffledelaforet-aemci-esf77.fr\/index.php\/wp-json\/wp\/v2\/pages"}],"about":[{"href":"http:\/\/lesouffledelaforet-aemci-esf77.fr\/index.php\/wp-json\/wp\/v2\/types\/page"}],"author":[{"embeddable":true,"href":"http:\/\/lesouffledelaforet-aemci-esf77.fr\/index.php\/wp-json\/wp\/v2\/users\/1"}],"replies":[{"embeddable":true,"href":"http:\/\/lesouffledelaforet-aemci-esf77.fr\/index.php\/wp-json\/wp\/v2\/comments?post=90"}],"version-history":[{"count":183,"href":"http:\/\/lesouffledelaforet-aemci-esf77.fr\/index.php\/wp-json\/wp\/v2\/pages\/90\/revisions"}],"predecessor-version":[{"id":5474,"href":"http:\/\/lesouffledelaforet-aemci-esf77.fr\/index.php\/wp-json\/wp\/v2\/pages\/90\/revisions\/5474"}],"wp:attachment":[{"href":"http:\/\/lesouffledelaforet-aemci-esf77.fr\/index.php\/wp-json\/wp\/v2\/media?parent=90"}],"curies":[{"name":"wp","href":"https:\/\/api.w.org\/{rel}","templated":true}]}}